{"id":2631,"date":"2022-05-06T06:03:09","date_gmt":"2022-05-06T06:03:09","guid":{"rendered":"https:\/\/visatempo.pt\/contacts\/"},"modified":"2023-06-06T16:54:34","modified_gmt":"2023-06-06T16:54:34","slug":"contacts","status":"publish","type":"page","link":"https:\/\/visatempo.pt\/en\/contacts\/","title":{"rendered":"Contacts"},"content":{"rendered":"<style>\/*! elementor - v3.13.3 - 28-05-2023 *\/\n.elementor-widget-image{text-align:center}.elementor-widget-image a{display:inline-block}.elementor-widget-image a img[src$=\".svg\"]{width:48px}.elementor-widget-image img{vertical-align:middle;display:inline-block}<\/style>\n<p>\t\t\t\t\t\t\t\t\t\t\t\t<img loading=\"lazy\" decoding=\"async\" width=\"132\" height=\"222\" src=\"https:\/\/visatempo.pt\/wp-content\/uploads\/2022\/05\/bg-grid.svg\" alt=\"\" loading=\"lazy\" \/>\t\t\t\t\t\t\t\t\t\t\t\t\t\t\t<\/p>\n<style>\/*! elementor - v3.13.3 - 28-05-2023 *\/\n.elementor-heading-title{padding:0;margin:0;line-height:1}.elementor-widget-heading .elementor-heading-title[class*=elementor-size-]>a{color:inherit;font-size:inherit;line-height:inherit}.elementor-widget-heading .elementor-heading-title.elementor-size-small{font-size:15px}.elementor-widget-heading .elementor-heading-title.elementor-size-medium{font-size:19px}.elementor-widget-heading .elementor-heading-title.elementor-size-large{font-size:29px}.elementor-widget-heading .elementor-heading-title.elementor-size-xl{font-size:39px}.elementor-widget-heading .elementor-heading-title.elementor-size-xxl{font-size:59px}<\/style>\n<h1>General Contacts<\/h1>\n<h2>How can we help you?<br \/>\n<\/h2>\n<p>Contact your nearest office!<\/p>\n<h2>Vilamoura<\/h2>\n<p>Pra\u00e7a do BPA, Edif\u00edcio Portugal, 8125-434 Vilamoura, Algarve, Portugal<\/p>\n<p>\t\t\t<a href=\"https:\/\/www.google.com\/maps\/place\/Edif%C3%ADcio+Portugal\/@37.0800136,-8.1136281,58m\/data=!3m1!1e3!4m13!1m7!3m6!1s0xd1ab5e9d06c3d75:0xa00ebc04f805880!2sVilamoura,+Quarteira!3b1!8m2!3d37.0880677!4d-8.118806!3m4!1s0xd1ab595be843721:0x564f7f680ea6c550!8m2!3d37.080015!4d-8.1136359\" target=\"_blank\" role=\"button\" rel=\"noopener\"><br \/>\n\t\t\t\t\t\tView on Google Maps<br \/>\n\t\t\t\t\t<\/a><\/p>\n<h6>geral@visatempo.pt<\/h6>\n<h6>  00351 289 300 920<\/h6>\n<p>(national landline call)<\/p>\n<h2>Portim\u00e3o<\/h2>\n<p>Av. Guanar\u00e9, Edif\u00edcio A F\u00e1brica Bloco G Lojas T, U 8500-502, Portim\u00e3o , Algarve, Portugal<\/p>\n<p>\t\t\t<a href=\"https:\/\/www.google.com\/maps\/place\/Visatempo+Portim%C3%A3o\/@37.1322065,-8.5361505,18.68z\/data=!4m5!3m4!1s0xd1b28f11316548f:0x92acd12e929d26cf!8m2!3d37.1321987!4d-8.5355009\" target=\"_blank\" role=\"button\" rel=\"noopener\"><br \/>\n\t\t\t\t\t\tView on Google Maps<br \/>\n\t\t\t\t\t<\/a><\/p>\n<h6>portimao@visatempo.pt<\/h6>\n<h6>00351 282 415 340<\/h6>\n<p>(national landline call)<\/p>\n<h2>Lisboa<\/h2>\n<p>Edif\u00edcio Panoramic, Av. D. Jo\u00e3o II<br \/>Lote 1.19.2, 12\u00ba piso, n\u00ba 12.08 Parque das Na\u00e7\u00f5es<br \/>1990 &#8211; 019, Lisboa, Portugal<\/p>\n<p>\t\t\t<a href=\"https:\/\/www.google.com\/maps\/place\/38%C2%B046&#039;28.8%22N+9%C2%B005&#039;51.3%22W\/@38.774665,-9.0981255,227m\/data=!3m2!1e3!4b1!4m14!1m7!3m6!1s0xd19318655c6a2c9:0x2de4b600f17ca03!2sAv.+Dom+Jo%C3%A3o+II+1,+1990-083+Lisboa!3b1!8m2!3d38.7659628!4d-9.0983031!3m5!1s0x0:0xbf7f380620a82a37!7e2!8m2!3d38.7746655!4d-9.0975765\" target=\"_blank\" role=\"button\" rel=\"noopener\"><br \/>\n\t\t\t\t\t\tView on Google Maps<br \/>\n\t\t\t\t\t<\/a><\/p>\n<h6>00351 289 300 920<\/h6>\n<p>(national landline call)<\/p>\n","protected":false},"excerpt":{"rendered":"<p>General Contacts How can we help you? Contact your nearest office! Vilamoura Pra\u00e7a do BPA, Edif\u00edcio Portugal, 8125-434 Vilamoura, Algarve, Portugal View on Google Maps geral@visatempo.pt 00351 289 300 920 (national landline call) Portim\u00e3o Av. Guanar\u00e9, Edif\u00edcio A F\u00e1brica Bloco G Lojas T, U 8500-502, Portim\u00e3o , Algarve, Portugal View on Google Maps portimao@visatempo.pt 00351 [&hellip;]<\/p>\n","protected":false},"author":9,"featured_media":0,"parent":0,"menu_order":7,"comment_status":"closed","ping_status":"closed","template":"elementor_header_footer","meta":{"footnotes":""},"class_list":["post-2631","page","type-page","status-publish","hentry"],"_links":{"self":[{"href":"https:\/\/visatempo.pt\/en\/wp-json\/wp\/v2\/pages\/2631","targetHints":{"allow":["GET"]}}],"collection":[{"href":"https:\/\/visatempo.pt\/en\/wp-json\/wp\/v2\/pages"}],"about":[{"href":"https:\/\/visatempo.pt\/en\/wp-json\/wp\/v2\/types\/page"}],"author":[{"embeddable":true,"href":"https:\/\/visatempo.pt\/en\/wp-json\/wp\/v2\/users\/9"}],"replies":[{"embeddable":true,"href":"https:\/\/visatempo.pt\/en\/wp-json\/wp\/v2\/comments?post=2631"}],"version-history":[{"count":0,"href":"https:\/\/visatempo.pt\/en\/wp-json\/wp\/v2\/pages\/2631\/revisions"}],"wp:attachment":[{"href":"https:\/\/visatempo.pt\/en\/wp-json\/wp\/v2\/media?parent=2631"}],"curies":[{"name":"wp","href":"https:\/\/api.w.org\/{rel}","templated":true}]}}